{"id":1642,"date":"2026-03-12T08:51:46","date_gmt":"2026-03-12T08:51:46","guid":{"rendered":"https:\/\/tpufabrics.com\/?post_type=product&#038;p=1642"},"modified":"2026-03-12T08:52:53","modified_gmt":"2026-03-12T08:52:53","slug":"xl-pvc-coated-70d-nylon-grey","status":"publish","type":"product","link":"https:\/\/tpufabrics.com\/es\/product\/xl-pvc-coated-70d-nylon-grey\/","title":{"rendered":"XL Nylon 70D recubierto de PVC-Gris"},"content":{"rendered":"<div data-page-id=\"CbwYdPQtMojsfFxIygNcVyOwnlg\" data-lark-html-role=\"root\" data-docx-has-block-data=\"false\">\n<div class=\"ace-line ace-line old-record-id-U96DdRM9VoNymKxFuttcuvyRnZw\">Tejido de nylon con revestimiento de PVC duradero e higi\u00e9nico, dise\u00f1ado para equipos m\u00e9dicos y entornos sanitarios.<\/div>\n<div class=\"ace-line ace-line old-record-id-PUQCdRUuDomGb6xXC3rcYl5anUh\">El Nylon 70D con revestimiento de PVC XL es un tejido m\u00e9dico t\u00e9cnico impermeable dise\u00f1ado para aplicaciones donde la higiene, la durabilidad y el f\u00e1cil mantenimiento son esenciales. Construido sobre una base fuerte de nylon de 70 deniers y laminado con un revestimiento de PVC de grado m\u00e9dico, este material forma una barrera fluida confiable mientras mantiene flexibilidad y resistencia estructural.<\/div>\n<div class=\"ace-line ace-line old-record-id-Hbd6dv4DEo7NBdxdUjgc2TkjnPb\">La superficie lisa y no porosa de PVC evita la penetraci\u00f3n de l\u00edquidos y facilita una limpieza r\u00e1pida con desinfectantes comunes de hospital. Combinado con su excelente compatibilidad con la soldadura de alta frecuencia (HF), el tejido permite una construcci\u00f3n sin costuras que elimina los orificios de aguja y ayuda a mantener estructuras higi\u00e9nicas del producto.<\/div>\n<div class=\"ace-line ace-line old-record-id-Wcmdde3xioAJ5yxByH1cSnTdnZe\">Esta combinaci\u00f3n de protecci\u00f3n impermeable, resistencia qu\u00edmica y construcci\u00f3n duradera hace que el material sea adecuado para una amplia gama de cubiertas de dispositivos m\u00e9dicos, protectores de colchones y componentes de equipos sanitarios.<\/div>\n<\/div>","protected":false},"excerpt":{"rendered":"<p>Durable and hygienic PVC coated nylon fabric designed for medical equipment and healthcare environments. XL PVC Coated 70D Nylon is a technical waterproof medical fabric engineered for applications where hygiene, durability, and easy maintenance are essential. Built on a strong 70-denier nylon base and laminated with a medical-grade PVC coating, this material forms a reliable [&hellip;]<\/p>","protected":false},"featured_media":1399,"comment_status":"open","ping_status":"closed","template":"","meta":{"_acf_changed":false},"product_brand":[],"product_cat":[36],"product_tag":[],"class_list":{"0":"post-1642","1":"product","2":"type-product","3":"status-publish","4":"has-post-thumbnail","6":"product_cat-medical-tpu-fabrics","8":"first","9":"instock","10":"shipping-taxable","11":"product-type-simple"},"acf":[],"_links":{"self":[{"href":"https:\/\/tpufabrics.com\/es\/wp-json\/wp\/v2\/product\/1642","targetHints":{"allow":["GET"]}}],"collection":[{"href":"https:\/\/tpufabrics.com\/es\/wp-json\/wp\/v2\/product"}],"about":[{"href":"https:\/\/tpufabrics.com\/es\/wp-json\/wp\/v2\/types\/product"}],"replies":[{"embeddable":true,"href":"https:\/\/tpufabrics.com\/es\/wp-json\/wp\/v2\/comments?post=1642"}],"wp:featuredmedia":[{"embeddable":true,"href":"https:\/\/tpufabrics.com\/es\/wp-json\/wp\/v2\/media\/1399"}],"wp:attachment":[{"href":"https:\/\/tpufabrics.com\/es\/wp-json\/wp\/v2\/media?parent=1642"}],"wp:term":[{"taxonomy":"product_brand","embeddable":true,"href":"https:\/\/tpufabrics.com\/es\/wp-json\/wp\/v2\/product_brand?post=1642"},{"taxonomy":"product_cat","embeddable":true,"href":"https:\/\/tpufabrics.com\/es\/wp-json\/wp\/v2\/product_cat?post=1642"},{"taxonomy":"product_tag","embeddable":true,"href":"https:\/\/tpufabrics.com\/es\/wp-json\/wp\/v2\/product_tag?post=1642"}],"curies":[{"name":"wp","href":"https:\/\/api.w.org\/{rel}","templated":true}]}}