{"id":1885,"date":"2026-03-18T07:23:41","date_gmt":"2026-03-18T07:23:41","guid":{"rendered":"https:\/\/tpufabrics.com\/?post_type=product&#038;p=1885"},"modified":"2026-03-18T07:34:32","modified_gmt":"2026-03-18T07:34:32","slug":"xl-double-sided-tpu-coated-20d-ripstop-nylon-white","status":"publish","type":"product","link":"https:\/\/tpufabrics.com\/de\/product\/xl-double-sided-tpu-coated-20d-ripstop-nylon-white\/","title":{"rendered":"XL doppelseitig TPU-beschichtetes 20D Ripstop-Nylon-Wei\u00df"},"content":{"rendered":"<div data-page-id=\"DNa2dPjZVoHOU3xrIaZcxsCtnfm\" data-lark-html-role=\"root\" data-docx-has-block-data=\"false\">\n<div class=\"ace-line ace-line old-record-id-LWBMdKvyCotjVVxl3fychq9unFg\">Ein ultraleichtes, lebensmitteltaugliches und geschmacksneutrales TPU-beschichtetes Ripstop-Nylongewebe, entwickelt f\u00fcr Trinkwasserspeicher und Trinkwasserspeichersysteme.<\/div>\n<div><\/div>\n<div class=\"ace-line ace-line old-record-id-FgM6dHh4SoSNVhx2ulIcLyaqnpb\">Die doppelseitige TPU-Konstruktion schafft eine saubere Innenfl\u00e4che f\u00fcr direkten Wasserkontakt, was hilft, Frische, Sicherheit und konstante Leistung in anspruchsvollen Outdoor- und medizinischen Anwendungen zu gew\u00e4hrleisten.<\/div>\n<\/div>","protected":false},"excerpt":{"rendered":"<p>Ein ultraleichtes, lebensmitteltaugliches und geschmacksneutrales TPU-beschichtetes Ripstop-Nylongewebe, das f\u00fcr Trinkwasserspeicher und Trinkwasserspeichersysteme entwickelt wurde. Die doppelseitige TPU-Konstruktion schafft eine saubere Innenfl\u00e4che f\u00fcr direkten Wasserkontakt und tr\u00e4gt so dazu bei, Frische, Sicherheit und konstante Leistung auch unter anspruchsvollen Outdoor- und medizinischen Bedingungen zu gew\u00e4hrleisten.<\/p>","protected":false},"featured_media":1886,"comment_status":"open","ping_status":"closed","template":"","meta":{"_acf_changed":false},"product_brand":[],"product_cat":[34],"product_tag":[],"class_list":{"0":"post-1885","1":"product","2":"type-product","3":"status-publish","4":"has-post-thumbnail","6":"product_cat-airtight-tpu-fabrics","8":"first","9":"instock","10":"shipping-taxable","11":"product-type-simple"},"acf":[],"_links":{"self":[{"href":"https:\/\/tpufabrics.com\/de\/wp-json\/wp\/v2\/product\/1885","targetHints":{"allow":["GET"]}}],"collection":[{"href":"https:\/\/tpufabrics.com\/de\/wp-json\/wp\/v2\/product"}],"about":[{"href":"https:\/\/tpufabrics.com\/de\/wp-json\/wp\/v2\/types\/product"}],"replies":[{"embeddable":true,"href":"https:\/\/tpufabrics.com\/de\/wp-json\/wp\/v2\/comments?post=1885"}],"wp:featuredmedia":[{"embeddable":true,"href":"https:\/\/tpufabrics.com\/de\/wp-json\/wp\/v2\/media\/1886"}],"wp:attachment":[{"href":"https:\/\/tpufabrics.com\/de\/wp-json\/wp\/v2\/media?parent=1885"}],"wp:term":[{"taxonomy":"product_brand","embeddable":true,"href":"https:\/\/tpufabrics.com\/de\/wp-json\/wp\/v2\/product_brand?post=1885"},{"taxonomy":"product_cat","embeddable":true,"href":"https:\/\/tpufabrics.com\/de\/wp-json\/wp\/v2\/product_cat?post=1885"},{"taxonomy":"product_tag","embeddable":true,"href":"https:\/\/tpufabrics.com\/de\/wp-json\/wp\/v2\/product_tag?post=1885"}],"curies":[{"name":"wp","href":"https:\/\/api.w.org\/{rel}","templated":true}]}}