{"id":1642,"date":"2026-03-12T08:51:46","date_gmt":"2026-03-12T08:51:46","guid":{"rendered":"https:\/\/tpufabrics.com\/?post_type=product&#038;p=1642"},"modified":"2026-03-12T08:52:53","modified_gmt":"2026-03-12T08:52:53","slug":"xl-pvc-coated-70d-nylon-grey","status":"publish","type":"product","link":"https:\/\/tpufabrics.com\/de\/product\/xl-pvc-coated-70d-nylon-grey\/","title":{"rendered":"XL PVC-beschichtetes 70D Nylon-Grau"},"content":{"rendered":"<div data-page-id=\"CbwYdPQtMojsfFxIygNcVyOwnlg\" data-lark-html-role=\"root\" data-docx-has-block-data=\"false\">\n<div class=\"ace-line ace-line old-record-id-U96DdRM9VoNymKxFuttcuvyRnZw\">Haltbares und hygienisches PVC-beschichtetes Nylongewebe, entwickelt f\u00fcr medizinische Ger\u00e4te und Gesundheitsumgebungen.<\/div>\n<div class=\"ace-line ace-line old-record-id-PUQCdRUuDomGb6xXC3rcYl5anUh\">XL PVC-beschichtetes 70D-Nylon ist ein technisches wasserdichtes medizinisches Gewebe, das f\u00fcr Anwendungen konzipiert ist, bei denen Hygiene, Haltbarkeit und einfache Wartung unerl\u00e4sslich sind. Aufbauend auf einem starken 70-Denier-Nylongrundgewebe und laminiert mit einer medizinischen PVC-Beschichtung bildet dieses Material eine zuverl\u00e4ssige Fl\u00fcssigkeitsbarriere und beh\u00e4lt gleichzeitig Flexibilit\u00e4t und strukturelle Festigkeit.<\/div>\n<div class=\"ace-line ace-line old-record-id-Hbd6dv4DEo7NBdxdUjgc2TkjnPb\">Die glatte, porenfreie PVC-Oberfl\u00e4che verhindert das Eindringen von Fl\u00fcssigkeiten und unterst\u00fctzt eine schnelle Reinigung mit g\u00e4ngigen Krankenhausdesinfektionsmitteln. In Kombination mit seiner hervorragenden Vertr\u00e4glichkeit mit Hochfrequenz-(HF)-Schwei\u00dfen erm\u00f6glicht das Gewebe eine nahtlose Konstruktion, die Nadell\u00f6cher vermeidet und hygienische Produktstrukturen bewahrt.<\/div>\n<div class=\"ace-line ace-line old-record-id-Wcmdde3xioAJ5yxByH1cSnTdnZe\">Diese Kombination aus wasserdichtem Schutz, chemischer Best\u00e4ndigkeit und langlebiger Konstruktion macht das Material geeignet f\u00fcr eine breite Palette von Abdeckungen f\u00fcr medizinische Ger\u00e4te, Matratzenschutzbez\u00fcgen und Komponenten f\u00fcr medizinische Ausr\u00fcstung.<\/div>\n<\/div>","protected":false},"excerpt":{"rendered":"<p>Durable and hygienic PVC coated nylon fabric designed for medical equipment and healthcare environments. XL PVC Coated 70D Nylon is a technical waterproof medical fabric engineered for applications where hygiene, durability, and easy maintenance are essential. Built on a strong 70-denier nylon base and laminated with a medical-grade PVC coating, this material forms a reliable [&hellip;]<\/p>","protected":false},"featured_media":1399,"comment_status":"open","ping_status":"closed","template":"","meta":{"_acf_changed":false},"product_brand":[],"product_cat":[36],"product_tag":[],"class_list":{"0":"post-1642","1":"product","2":"type-product","3":"status-publish","4":"has-post-thumbnail","6":"product_cat-medical-tpu-fabrics","8":"first","9":"instock","10":"shipping-taxable","11":"product-type-simple"},"acf":[],"_links":{"self":[{"href":"https:\/\/tpufabrics.com\/de\/wp-json\/wp\/v2\/product\/1642","targetHints":{"allow":["GET"]}}],"collection":[{"href":"https:\/\/tpufabrics.com\/de\/wp-json\/wp\/v2\/product"}],"about":[{"href":"https:\/\/tpufabrics.com\/de\/wp-json\/wp\/v2\/types\/product"}],"replies":[{"embeddable":true,"href":"https:\/\/tpufabrics.com\/de\/wp-json\/wp\/v2\/comments?post=1642"}],"wp:featuredmedia":[{"embeddable":true,"href":"https:\/\/tpufabrics.com\/de\/wp-json\/wp\/v2\/media\/1399"}],"wp:attachment":[{"href":"https:\/\/tpufabrics.com\/de\/wp-json\/wp\/v2\/media?parent=1642"}],"wp:term":[{"taxonomy":"product_brand","embeddable":true,"href":"https:\/\/tpufabrics.com\/de\/wp-json\/wp\/v2\/product_brand?post=1642"},{"taxonomy":"product_cat","embeddable":true,"href":"https:\/\/tpufabrics.com\/de\/wp-json\/wp\/v2\/product_cat?post=1642"},{"taxonomy":"product_tag","embeddable":true,"href":"https:\/\/tpufabrics.com\/de\/wp-json\/wp\/v2\/product_tag?post=1642"}],"curies":[{"name":"wp","href":"https:\/\/api.w.org\/{rel}","templated":true}]}}