{"id":853,"date":"2026-03-04T08:25:06","date_gmt":"2026-03-04T08:25:06","guid":{"rendered":"https:\/\/tpufabrics.com\/?page_id=853"},"modified":"2026-03-17T06:40:12","modified_gmt":"2026-03-17T06:40:12","slug":"unser-produkt","status":"publish","type":"page","link":"https:\/\/tpufabrics.com\/de\/unser-produkt\/","title":{"rendered":"Unser Produkt"},"content":{"rendered":"<div data-elementor-type=\"wp-page\" data-elementor-id=\"853\" class=\"elementor elementor-853\" data-elementor-post-type=\"page\">\n\t\t\t\t<div class=\"elementor-element elementor-element-42f42c5 e-flex e-con-boxed e-con e-parent\" data-id=\"42f42c5\" data-element_type=\"container\" data-e-type=\"container\" data-settings=\"{&quot;background_background&quot;:&quot;classic&quot;}\">\n\t\t\t\t\t<div class=\"e-con-inner\">\n\t\t\t\t<div class=\"elementor-element elementor-element-4dd8f44 elementor-widget elementor-widget-woocommerce-breadcrumb\" data-id=\"4dd8f44\" data-element_type=\"widget\" data-e-type=\"widget\" data-widget_type=\"woocommerce-breadcrumb.default\">\n\t\t\t\t\t<nav class=\"woocommerce-breadcrumb\" aria-label=\"Breadcrumb\" data-no-translation=\"\" data-trp-gettext=\"\">Start<\/nav>\t\t\t\t<\/div>\n\t\t\t\t\t<\/div>\n\t\t\t\t<\/div>\n\t\t<div class=\"elementor-element elementor-element-241b998 e-flex e-con-boxed e-con e-parent\" data-id=\"241b998\" data-element_type=\"container\" data-e-type=\"container\">\n\t\t\t\t\t<div class=\"e-con-inner\">\n\t\t\t\t<div class=\"elementor-element elementor-element-d5f866b elementor-widget elementor-widget-heading\" data-id=\"d5f866b\" data-element_type=\"widget\" data-e-type=\"widget\" data-widget_type=\"heading.default\">\n\t\t\t\t\t<h2 class=\"elementor-heading-title elementor-size-default\">UNSER PRODUKT<\/h2>\t\t\t\t<\/div>\n\t\t<div class=\"elementor-element elementor-element-e3c9902 e-con-full e-flex e-con e-child\" data-id=\"e3c9902\" data-element_type=\"container\" data-e-type=\"container\">\n\t\t\t\t<div class=\"elementor-element elementor-element-a0e2832 animated-slow elementor-invisible elementor-widget elementor-widget-heading\" data-id=\"a0e2832\" data-element_type=\"widget\" data-e-type=\"widget\" data-settings=\"{&quot;_animation&quot;:&quot;fadeInUp&quot;}\" data-widget_type=\"heading.default\">\n\t\t\t\t\t<h3 class=\"elementor-heading-title elementor-size-default\">Unser Produktportfolio<\/h3>\t\t\t\t<\/div>\n\t\t\t\t<\/div>\n\t\t\t\t<div class=\"elementor-element elementor-element-05ebb68 elementor-widget__width-initial elementor-widget elementor-widget-text-editor\" data-id=\"05ebb68\" data-element_type=\"widget\" data-e-type=\"widget\" data-widget_type=\"text-editor.default\">\n\t\t\t\t\t\t\t\t\t<p>\u00a0Entwickelte TPU-L\u00f6sungen f\u00fcr jede Branche.<\/p>\t\t\t\t\t\t\t\t<\/div>\n\t\t<div class=\"elementor-element elementor-element-b21c722 e-con-full e-flex e-con e-child\" data-id=\"b21c722\" data-element_type=\"container\" data-e-type=\"container\">\n\t\t\t\t<div class=\"elementor-element elementor-element-2a1f1d3 elementor-widget__width-initial animated-slow image-hover-zoom-in elementor-invisible elementor-widget elementor-widget-rkit_image_box\" data-id=\"2a1f1d3\" data-element_type=\"widget\" data-e-type=\"widget\" data-settings=\"{&quot;_animation&quot;:&quot;fadeInLeft&quot;}\" data-widget_type=\"rkit_image_box.default\">\n\t\t\t\t<div class=\"elementor-widget-container\">\n\t\t\t\t\t        <div class=\"rkit-image_box rkit-image_box__def-card\">\n\n            <div class=\"rkit-image_box-card\">\n                <div class=\"rkit-image_box__img\">\n                    <img fetchpriority=\"high\" decoding=\"async\" width=\"2508\" height=\"1672\" src=\"https:\/\/tpufabrics.com\/wp-content\/uploads\/2026\/03\/Airtight-TPU-Fabrics.png\" class=\"attachment-full size-full wp-image-864\" alt=\"TPU-beschichtetes Gewebe\" srcset=\"https:\/\/tpufabrics.com\/wp-content\/uploads\/2026\/03\/Airtight-TPU-Fabrics.png 2508w, https:\/\/tpufabrics.com\/wp-content\/uploads\/2026\/03\/Airtight-TPU-Fabrics-600x400.png 600w, https:\/\/tpufabrics.com\/wp-content\/uploads\/2026\/03\/Airtight-TPU-Fabrics-300x200.png 300w, https:\/\/tpufabrics.com\/wp-content\/uploads\/2026\/03\/Airtight-TPU-Fabrics-1024x683.png 1024w, https:\/\/tpufabrics.com\/wp-content\/uploads\/2026\/03\/Airtight-TPU-Fabrics-768x512.png 768w, https:\/\/tpufabrics.com\/wp-content\/uploads\/2026\/03\/Airtight-TPU-Fabrics-1536x1024.png 1536w, https:\/\/tpufabrics.com\/wp-content\/uploads\/2026\/03\/Airtight-TPU-Fabrics-2048x1365.png 2048w\" sizes=\"(max-width: 2508px) 100vw, 2508px\" \/>                <\/div>\n\n\n\n                <div class=\"rkit-image_box_det def-card\">\n                    <div class=\"rkit-image_box__detail def-detail\">\n\n                        <div class=\"rkit-container-top\">\n                            <div class=\"left\">\n                                                            <\/div>\n\n                            \n                        <\/div>\n                        <h4 class=\"rkit-image_box__title\">Luftdichte TPU-Gewebe<\/h4>\n                        <div class=\"image-box-item-desc  def-card-desc-ext\">\n                            <span class=\"rkit-image_box__description\">F\u00fcr \u00fcberlegene Luft- und Fl\u00fcssigkeitsspeicherung in Schlauchbooten und Eind\u00e4mmungssystemen.<\/span>\n                                                                <div class=\"rkit-readmore-imagebox-div\">\n                                        <a href=\"https:\/\/tpufabrics.com\/de\/product-category\/luftdichte-tpu-gewebe\/\" class=\"rkit-readmore-imagebox-btn\" type=\"button\">\n                                            <i aria-hidden=\"true\" class=\"rkit-icon-readmore-ib rtmicon rtmicon-circle-arrow-right\"><\/i>                                            EXPLORE MORE                                        <\/a>\n                                    <\/div>\n                                                    <\/div>\n                    <\/div>\n                <\/div>\n\n                <div class=\"\"><\/div>\n            <\/div>\n        <\/div>\n\t\t\t\t<\/div>\n\t\t\t\t<\/div>\n\t\t\t\t<div class=\"elementor-element elementor-element-bb1f504 elementor-widget__width-initial animated-slow image-hover-zoom-in elementor-invisible elementor-widget elementor-widget-rkit_image_box\" data-id=\"bb1f504\" data-element_type=\"widget\" data-e-type=\"widget\" data-settings=\"{&quot;_animation&quot;:&quot;fadeInUp&quot;}\" data-widget_type=\"rkit_image_box.default\">\n\t\t\t\t<div class=\"elementor-widget-container\">\n\t\t\t\t\t        <div class=\"rkit-image_box rkit-image_box__def-card\">\n\n            <div class=\"rkit-image_box-card\">\n                <div class=\"rkit-image_box__img\">\n                    <img decoding=\"async\" width=\"1264\" height=\"848\" src=\"https:\/\/tpufabrics.com\/wp-content\/uploads\/2026\/03\/Industrial-TPU-Fabrics.png\" class=\"attachment-full size-full wp-image-865\" alt=\"\" srcset=\"https:\/\/tpufabrics.com\/wp-content\/uploads\/2026\/03\/Industrial-TPU-Fabrics.png 1264w, https:\/\/tpufabrics.com\/wp-content\/uploads\/2026\/03\/Industrial-TPU-Fabrics-600x403.png 600w, https:\/\/tpufabrics.com\/wp-content\/uploads\/2026\/03\/Industrial-TPU-Fabrics-300x201.png 300w, https:\/\/tpufabrics.com\/wp-content\/uploads\/2026\/03\/Industrial-TPU-Fabrics-1024x687.png 1024w, https:\/\/tpufabrics.com\/wp-content\/uploads\/2026\/03\/Industrial-TPU-Fabrics-768x515.png 768w\" sizes=\"(max-width: 1264px) 100vw, 1264px\" \/>                <\/div>\n\n\n\n                <div class=\"rkit-image_box_det def-card\">\n                    <div class=\"rkit-image_box__detail def-detail\">\n\n                        <div class=\"rkit-container-top\">\n                            <div class=\"left\">\n                                                            <\/div>\n\n                            \n                        <\/div>\n                        <h4 class=\"rkit-image_box__title\">Industrielle TPU-Gewebe<\/h4>\n                        <div class=\"image-box-item-desc  def-card-desc-ext\">\n                            <span class=\"rkit-image_box__description\">Extreme Haltbarkeit und Best\u00e4ndigkeit f\u00fcr die anspruchsvollsten industriellen Anwendungen.<\/span>\n                                                                <div class=\"rkit-readmore-imagebox-div\">\n                                        <a href=\"https:\/\/tpufabrics.com\/de\/product-category\/industrielle-tpu-gewebe\/\" class=\"rkit-readmore-imagebox-btn\" type=\"button\">\n                                            <i aria-hidden=\"true\" class=\"rkit-icon-readmore-ib rtmicon rtmicon-circle-arrow-right\"><\/i>                                            EXPLORE MORE                                        <\/a>\n                                    <\/div>\n                                                    <\/div>\n                    <\/div>\n                <\/div>\n\n                <div class=\"\"><\/div>\n            <\/div>\n        <\/div>\n\t\t\t\t<\/div>\n\t\t\t\t<\/div>\n\t\t\t\t<div class=\"elementor-element elementor-element-93d3a00 elementor-widget__width-initial animated-slow image-hover-zoom-in elementor-invisible elementor-widget elementor-widget-rkit_image_box\" data-id=\"93d3a00\" data-element_type=\"widget\" data-e-type=\"widget\" data-settings=\"{&quot;_animation&quot;:&quot;fadeInRight&quot;}\" data-widget_type=\"rkit_image_box.default\">\n\t\t\t\t<div class=\"elementor-widget-container\">\n\t\t\t\t\t        <div class=\"rkit-image_box rkit-image_box__def-card\">\n\n            <div class=\"rkit-image_box-card\">\n                <div class=\"rkit-image_box__img\">\n                    <img decoding=\"async\" width=\"2508\" height=\"1672\" src=\"https:\/\/tpufabrics.com\/wp-content\/uploads\/2026\/03\/Sustainable-TPU-Fabrics.png\" class=\"attachment-full size-full wp-image-867\" alt=\"\" srcset=\"https:\/\/tpufabrics.com\/wp-content\/uploads\/2026\/03\/Sustainable-TPU-Fabrics.png 2508w, https:\/\/tpufabrics.com\/wp-content\/uploads\/2026\/03\/Sustainable-TPU-Fabrics-600x400.png 600w, https:\/\/tpufabrics.com\/wp-content\/uploads\/2026\/03\/Sustainable-TPU-Fabrics-300x200.png 300w, https:\/\/tpufabrics.com\/wp-content\/uploads\/2026\/03\/Sustainable-TPU-Fabrics-1024x683.png 1024w, https:\/\/tpufabrics.com\/wp-content\/uploads\/2026\/03\/Sustainable-TPU-Fabrics-768x512.png 768w, https:\/\/tpufabrics.com\/wp-content\/uploads\/2026\/03\/Sustainable-TPU-Fabrics-1536x1024.png 1536w, https:\/\/tpufabrics.com\/wp-content\/uploads\/2026\/03\/Sustainable-TPU-Fabrics-2048x1365.png 2048w\" sizes=\"(max-width: 2508px) 100vw, 2508px\" \/>                <\/div>\n\n\n\n                <div class=\"rkit-image_box_det def-card\">\n                    <div class=\"rkit-image_box__detail def-detail\">\n\n                        <div class=\"rkit-container-top\">\n                            <div class=\"left\">\n                                                            <\/div>\n\n                            \n                        <\/div>\n                        <h4 class=\"rkit-image_box__title\">Nachhaltige TPU-Gewebe<\/h4>\n                        <div class=\"image-box-item-desc  def-card-desc-ext\">\n                            <span class=\"rkit-image_box__description\">Umweltbewusste L\u00f6sungen, einschlie\u00dflich recycelter und biologisch abbaubarer Optionen.<\/span>\n                                                                <div class=\"rkit-readmore-imagebox-div\">\n                                        <a href=\"https:\/\/tpufabrics.com\/de\/product-category\/nachhaltige-tpu-stoffe\/\" class=\"rkit-readmore-imagebox-btn\" type=\"button\">\n                                            <i aria-hidden=\"true\" class=\"rkit-icon-readmore-ib rtmicon rtmicon-circle-arrow-right\"><\/i>                                            EXPLORE MORE                                        <\/a>\n                                    <\/div>\n                                                    <\/div>\n                    <\/div>\n                <\/div>\n\n                <div class=\"\"><\/div>\n            <\/div>\n        <\/div>\n\t\t\t\t<\/div>\n\t\t\t\t<\/div>\n\t\t\t\t<div class=\"elementor-element elementor-element-929daa0 elementor-widget__width-initial animated-slow image-hover-zoom-in elementor-invisible elementor-widget elementor-widget-rkit_image_box\" data-id=\"929daa0\" data-element_type=\"widget\" data-e-type=\"widget\" data-settings=\"{&quot;_animation&quot;:&quot;fadeInRight&quot;}\" data-widget_type=\"rkit_image_box.default\">\n\t\t\t\t<div class=\"elementor-widget-container\">\n\t\t\t\t\t        <div class=\"rkit-image_box rkit-image_box__def-card\">\n\n            <div class=\"rkit-image_box-card\">\n                <div class=\"rkit-image_box__img\">\n                    <img loading=\"lazy\" decoding=\"async\" width=\"2508\" height=\"1672\" src=\"https:\/\/tpufabrics.com\/wp-content\/uploads\/2026\/03\/Medical-TPU-Fabrics.png\" class=\"attachment-full size-full wp-image-866\" alt=\"TPU gegen\u00fcber PVC-beschichtetem Gewebe f\u00fcr luftdichte medizinische Luftsysteme\" srcset=\"https:\/\/tpufabrics.com\/wp-content\/uploads\/2026\/03\/Medical-TPU-Fabrics.png 2508w, https:\/\/tpufabrics.com\/wp-content\/uploads\/2026\/03\/Medical-TPU-Fabrics-600x400.png 600w, https:\/\/tpufabrics.com\/wp-content\/uploads\/2026\/03\/Medical-TPU-Fabrics-300x200.png 300w, https:\/\/tpufabrics.com\/wp-content\/uploads\/2026\/03\/Medical-TPU-Fabrics-1024x683.png 1024w, https:\/\/tpufabrics.com\/wp-content\/uploads\/2026\/03\/Medical-TPU-Fabrics-768x512.png 768w, https:\/\/tpufabrics.com\/wp-content\/uploads\/2026\/03\/Medical-TPU-Fabrics-1536x1024.png 1536w, https:\/\/tpufabrics.com\/wp-content\/uploads\/2026\/03\/Medical-TPU-Fabrics-2048x1365.png 2048w\" sizes=\"(max-width: 2508px) 100vw, 2508px\" \/>                <\/div>\n\n\n\n                <div class=\"rkit-image_box_det def-card\">\n                    <div class=\"rkit-image_box__detail def-detail\">\n\n                        <div class=\"rkit-container-top\">\n                            <div class=\"left\">\n                                                            <\/div>\n\n                            \n                        <\/div>\n                        <h4 class=\"rkit-image_box__title\">Medizinische TPU-Gewebe<\/h4>\n                        <div class=\"image-box-item-desc  def-card-desc-ext\">\n                            <span class=\"rkit-image_box__description\">Umweltbewusste L\u00f6sungen, einschlie\u00dflich recycelter und biologisch abbaubarer Optionen.<\/span>\n                                                                <div class=\"rkit-readmore-imagebox-div\">\n                                        <a href=\"https:\/\/tpufabrics.com\/de\/product-category\/medizinische-tpu-gewebe\/\" class=\"rkit-readmore-imagebox-btn\" type=\"button\">\n                                            <i aria-hidden=\"true\" class=\"rkit-icon-readmore-ib rtmicon rtmicon-circle-arrow-right\"><\/i>                                            EXPLORE MORE                                        <\/a>\n                                    <\/div>\n                                                    <\/div>\n                    <\/div>\n                <\/div>\n\n                <div class=\"\"><\/div>\n            <\/div>\n        <\/div>\n\t\t\t\t<\/div>\n\t\t\t\t<\/div>\n\t\t\t\t<div class=\"elementor-element elementor-element-0789ae5 elementor-widget__width-initial animated-slow image-hover-zoom-in elementor-invisible elementor-widget elementor-widget-rkit_image_box\" data-id=\"0789ae5\" data-element_type=\"widget\" data-e-type=\"widget\" data-settings=\"{&quot;_animation&quot;:&quot;fadeInLeft&quot;}\" data-widget_type=\"rkit_image_box.default\">\n\t\t\t\t<div class=\"elementor-widget-container\">\n\t\t\t\t\t        <div class=\"rkit-image_box rkit-image_box__def-card\">\n\n            <div class=\"rkit-image_box-card\">\n                <div class=\"rkit-image_box__img\">\n                    <img loading=\"lazy\" decoding=\"async\" width=\"2508\" height=\"1672\" src=\"https:\/\/tpufabrics.com\/wp-content\/uploads\/2026\/03\/TPU-Film-1.png\" class=\"attachment-full size-full wp-image-871\" alt=\"\" srcset=\"https:\/\/tpufabrics.com\/wp-content\/uploads\/2026\/03\/TPU-Film-1.png 2508w, https:\/\/tpufabrics.com\/wp-content\/uploads\/2026\/03\/TPU-Film-1-600x400.png 600w, https:\/\/tpufabrics.com\/wp-content\/uploads\/2026\/03\/TPU-Film-1-300x200.png 300w, https:\/\/tpufabrics.com\/wp-content\/uploads\/2026\/03\/TPU-Film-1-1024x683.png 1024w, https:\/\/tpufabrics.com\/wp-content\/uploads\/2026\/03\/TPU-Film-1-768x512.png 768w, https:\/\/tpufabrics.com\/wp-content\/uploads\/2026\/03\/TPU-Film-1-1536x1024.png 1536w, https:\/\/tpufabrics.com\/wp-content\/uploads\/2026\/03\/TPU-Film-1-2048x1365.png 2048w\" sizes=\"(max-width: 2508px) 100vw, 2508px\" \/>                <\/div>\n\n\n\n                <div class=\"rkit-image_box_det def-card\">\n                    <div class=\"rkit-image_box__detail def-detail\">\n\n                        <div class=\"rkit-container-top\">\n                            <div class=\"left\">\n                                                            <\/div>\n\n                            \n                        <\/div>\n                        <h4 class=\"rkit-image_box__title\">TPU-Film<\/h4>\n                        <div class=\"image-box-item-desc  def-card-desc-ext\">\n                            <span class=\"rkit-image_box__description\">Hochleistungsfolien f\u00fcr optische, sch\u00fctzende und medizinische Anwendungen.<\/span>\n                                                                <div class=\"rkit-readmore-imagebox-div\">\n                                        <a href=\"https:\/\/tpufabrics.com\/de\/product-category\/tpu-folie\/\" class=\"rkit-readmore-imagebox-btn\" type=\"button\">\n                                            <i aria-hidden=\"true\" class=\"rkit-icon-readmore-ib rtmicon rtmicon-circle-arrow-right\"><\/i>                                            EXPLORE MORE                                        <\/a>\n                                    <\/div>\n                                                    <\/div>\n                    <\/div>\n                <\/div>\n\n                <div class=\"\"><\/div>\n            <\/div>\n        <\/div>\n\t\t\t\t<\/div>\n\t\t\t\t<\/div>\n\t\t\t\t<\/div>\n\t\t\t\t\t<\/div>\n\t\t\t\t<\/div>\n\t\t<div class=\"elementor-element elementor-element-cfdb309 e-flex e-con-boxed e-con e-parent\" data-id=\"cfdb309\" data-element_type=\"container\" data-e-type=\"container\" data-settings=\"{&quot;background_background&quot;:&quot;classic&quot;}\">\n\t\t\t\t\t<div class=\"e-con-inner\">\n\t\t\t\t<div class=\"elementor-element elementor-element-aae9452 elementor-widget elementor-widget-heading\" data-id=\"aae9452\" data-element_type=\"widget\" data-e-type=\"widget\" data-widget_type=\"heading.default\">\n\t\t\t\t\t<h3 class=\"elementor-heading-title elementor-size-default\">Konsultieren Sie uns, um das geeignete Material f\u00fcr Ihr Projekt zu finden<\/h3>\t\t\t\t<\/div>\n\t\t\t\t<div class=\"elementor-element elementor-element-51c33e6 elementor-widget__width-initial elementor-widget elementor-widget-text-editor\" data-id=\"51c33e6\" data-element_type=\"widget\" data-e-type=\"widget\" data-widget_type=\"text-editor.default\">\n\t\t\t\t\t\t\t\t\t<p>Teilen Sie uns Ihre Vision mit, und wir entwickeln die perfekte TPU- oder PVC-L\u00f6sung, um den Erfolg und die Langlebigkeit Ihres Projekts zu gew\u00e4hrleisten<\/p>\t\t\t\t\t\t\t\t<\/div>\n\t\t\t\t<div class=\"elementor-element elementor-element-9aa026c elementor-align-center elementor-widget elementor-widget-button\" data-id=\"9aa026c\" data-element_type=\"widget\" data-e-type=\"widget\" data-widget_type=\"button.default\">\n\t\t\t\t\t\t\t\t\t\t<a class=\"elementor-button elementor-button-link elementor-size-sm\" href=\"https:\/\/tpufabrics.com\/de\/kontaktieren-sie-uns\/\">\n\t\t\t\t\t\t<span class=\"elementor-button-content-wrapper\">\n\t\t\t\t\t\t\t\t\t<span class=\"elementor-button-text\">KONTAKTIEREN SIE UNS<\/span>\n\t\t\t\t\t<\/span>\n\t\t\t\t\t<\/a>\n\t\t\t\t\t\t\t\t<\/div>\n\t\t\t\t\t<\/div>\n\t\t\t\t<\/div>\n\t\t\t\t<\/div>","protected":false},"excerpt":{"rendered":"<p>OUR PRODUCT Our Product Portfolio \u00a0Engineered TPU Solutions for Every Industry. Airtight TPU Fabrics For superior air and liquid retention in inflatables and containment systems. EXPLORE MORE Industrial TPU Fabrics Extreme durability and resistance for the most demanding industrial applications. EXPLORE MORE Sustainable TPU Fabrics Eco-conscious solutions including recycled and biodegradable options. EXPLORE MORE Medical [&hellip;]<\/p>","protected":false},"author":1,"featured_media":0,"parent":0,"menu_order":0,"comment_status":"closed","ping_status":"closed","template":"","meta":{"_acf_changed":false,"footnotes":""},"class_list":["post-853","page","type-page","status-publish","hentry"],"acf":[],"_hostinger_reach_plugin_has_subscription_block":false,"_hostinger_reach_plugin_is_elementor":false,"_links":{"self":[{"href":"https:\/\/tpufabrics.com\/de\/wp-json\/wp\/v2\/pages\/853","targetHints":{"allow":["GET"]}}],"collection":[{"href":"https:\/\/tpufabrics.com\/de\/wp-json\/wp\/v2\/pages"}],"about":[{"href":"https:\/\/tpufabrics.com\/de\/wp-json\/wp\/v2\/types\/page"}],"author":[{"embeddable":true,"href":"https:\/\/tpufabrics.com\/de\/wp-json\/wp\/v2\/users\/1"}],"replies":[{"embeddable":true,"href":"https:\/\/tpufabrics.com\/de\/wp-json\/wp\/v2\/comments?post=853"}],"version-history":[{"count":34,"href":"https:\/\/tpufabrics.com\/de\/wp-json\/wp\/v2\/pages\/853\/revisions"}],"predecessor-version":[{"id":1850,"href":"https:\/\/tpufabrics.com\/de\/wp-json\/wp\/v2\/pages\/853\/revisions\/1850"}],"wp:attachment":[{"href":"https:\/\/tpufabrics.com\/de\/wp-json\/wp\/v2\/media?parent=853"}],"curies":[{"name":"wp","href":"https:\/\/api.w.org\/{rel}","templated":true}]}}